{"id":35,"date":"2016-11-29T01:21:42","date_gmt":"2016-11-29T01:21:42","guid":{"rendered":"https:\/\/oceanwp.org\/stylish\/?page_id=35"},"modified":"2025-05-05T11:21:52","modified_gmt":"2025-05-05T11:21:52","slug":"about","status":"publish","type":"page","link":"https:\/\/tomani-sped.rs\/sr\/about\/","title":{"rendered":"O NAMA"},"content":{"rendered":"<div data-elementor-type=\"wp-post\" data-elementor-id=\"35\" class=\"elementor elementor-35\">\n\t\t\t\t\t\t<section class=\"elementor-section elementor-top-section elementor-element elementor-element-qflue6d elementor-section-height-min-height elementor-section-full_width elementor-section-height-default elementor-section-items-middle\" data-id=\"qflue6d\" data-element_type=\"section\" data-settings=\"{&quot;background_background&quot;:&quot;classic&quot;}\">\n\t\t\t\t\t\t\t<div class=\"elementor-background-overlay\"><\/div>\n\t\t\t\t\t\t\t<div class=\"elementor-container elementor-column-gap-default\">\n\t\t\t\t\t<div class=\"elementor-column elementor-col-100 elementor-top-column elementor-element elementor-element-d370te9\" data-id=\"d370te9\" data-element_type=\"column\">\n\t\t\t<div class=\"elementor-widget-wrap elementor-element-populated\">\n\t\t\t\t\t\t<div class=\"elementor-element elementor-element-q7kzudq elementor-widget elementor-widget-heading\" data-id=\"q7kzudq\" data-element_type=\"widget\" data-widget_type=\"heading.default\">\n\t\t\t\t<div class=\"elementor-widget-container\">\n\t\t\t\t\t<h1 class=\"elementor-heading-title elementor-size-default\"><b>O NAMA<\/b><\/h1>\t\t\t\t<\/div>\n\t\t\t\t<\/div>\n\t\t\t\t\t<\/div>\n\t\t<\/div>\n\t\t\t\t\t<\/div>\n\t\t<\/section>\n\t\t\t\t<section class=\"elementor-section elementor-top-section elementor-element elementor-element-26da6893 elementor-section-boxed elementor-section-height-default elementor-section-height-default\" data-id=\"26da6893\" data-element_type=\"section\">\n\t\t\t\t\t\t<div class=\"elementor-container elementor-column-gap-default\">\n\t\t\t\t\t<div class=\"elementor-column elementor-col-50 elementor-top-column elementor-element elementor-element-50a982\" data-id=\"50a982\" data-element_type=\"column\" data-settings=\"{&quot;background_background&quot;:&quot;classic&quot;}\">\n\t\t\t<div class=\"elementor-widget-wrap elementor-element-populated\">\n\t\t\t\t\t\t<div class=\"elementor-element elementor-element-5af816d4 e-transform elementor-widget elementor-widget-image\" data-id=\"5af816d4\" data-element_type=\"widget\" data-settings=\"{&quot;_transform_translateX_effect&quot;:{&quot;unit&quot;:&quot;px&quot;,&quot;size&quot;:37,&quot;sizes&quot;:[]},&quot;_transform_translateY_effect&quot;:{&quot;unit&quot;:&quot;px&quot;,&quot;size&quot;:-37,&quot;sizes&quot;:[]},&quot;_transform_translateX_effect_mobile&quot;:{&quot;unit&quot;:&quot;px&quot;,&quot;size&quot;:0,&quot;sizes&quot;:[]},&quot;_transform_translateY_effect_mobile&quot;:{&quot;unit&quot;:&quot;px&quot;,&quot;size&quot;:-61,&quot;sizes&quot;:[]},&quot;_transform_translateX_effect_tablet&quot;:{&quot;unit&quot;:&quot;px&quot;,&quot;size&quot;:&quot;&quot;,&quot;sizes&quot;:[]},&quot;_transform_translateY_effect_tablet&quot;:{&quot;unit&quot;:&quot;px&quot;,&quot;size&quot;:&quot;&quot;,&quot;sizes&quot;:[]}}\" data-widget_type=\"image.default\">\n\t\t\t\t<div class=\"elementor-widget-container\">\n\t\t\t\t\t\t\t\t\t\t\t\t\t\t\t<img fetchpriority=\"high\" decoding=\"async\" width=\"768\" height=\"1018\" src=\"https:\/\/tomani-sped.rs\/wp-content\/uploads\/2024\/11\/IMG_3626-768x1018.jpg\" class=\"attachment-medium_large size-medium_large wp-image-438\" alt=\"\" srcset=\"https:\/\/tomani-sped.rs\/wp-content\/uploads\/2024\/11\/IMG_3626-768x1018.jpg 768w, https:\/\/tomani-sped.rs\/wp-content\/uploads\/2024\/11\/IMG_3626-226x300.jpg 226w, https:\/\/tomani-sped.rs\/wp-content\/uploads\/2024\/11\/IMG_3626-773x1024.jpg 773w, https:\/\/tomani-sped.rs\/wp-content\/uploads\/2024\/11\/IMG_3626-1159x1536.jpg 1159w, https:\/\/tomani-sped.rs\/wp-content\/uploads\/2024\/11\/IMG_3626.jpg 1208w\" sizes=\"(max-width: 768px) 100vw, 768px\" \/>\t\t\t\t\t\t\t\t\t\t\t\t\t\t\t<\/div>\n\t\t\t\t<\/div>\n\t\t\t\t\t<\/div>\n\t\t<\/div>\n\t\t\t\t<div class=\"elementor-column elementor-col-50 elementor-top-column elementor-element elementor-element-58b8d7fc\" data-id=\"58b8d7fc\" data-element_type=\"column\">\n\t\t\t<div class=\"elementor-widget-wrap elementor-element-populated\">\n\t\t\t\t\t\t<div class=\"elementor-element elementor-element-c9f98c5 elementor-widget elementor-widget-heading\" data-id=\"c9f98c5\" data-element_type=\"widget\" data-widget_type=\"heading.default\">\n\t\t\t\t<div class=\"elementor-widget-container\">\n\t\t\t\t\t<p class=\"elementor-heading-title elementor-size-default\">MI SMO TOMANI SPED iz Beograda<\/p>\t\t\t\t<\/div>\n\t\t\t\t<\/div>\n\t\t\t\t<div class=\"elementor-element elementor-element-5b13032 elementor-widget elementor-widget-heading\" data-id=\"5b13032\" data-element_type=\"widget\" data-widget_type=\"heading.default\">\n\t\t\t\t<div class=\"elementor-widget-container\">\n\t\t\t\t\t<h2 class=\"elementor-heading-title elementor-size-default\"><h2 data-elementor-setting-key=\"title\" data-pen-placeholder=\"Type Here...\" style=\"font-variant-ligatures: normal; font-variant-caps: normal; font-style: normal; letter-spacing: 0.2px; text-align: center;\"><span style=\"font-variant-ligatures: normal; font-variant-caps: normal; font-family: Merienda; font-size: 36px; font-style: normal; font-weight: 600; letter-spacing: 0.2px; text-transform: capitalize;\">Dobro do\u0161li u TOMANI SPED \u2013 gde se efikasnost susre\u0107e sa pouzdano\u0161\u0107u u svetu transporta i logistike<\/span><span style=\"font-family: Merienda; font-size: 20px; font-weight: 600; text-align: var(--text-align); letter-spacing: 0.2px;\"><\/span><\/h2><\/h2>\t\t\t\t<\/div>\n\t\t\t\t<\/div>\n\t\t\t\t<div class=\"elementor-element elementor-element-2bb119fd elementor-widget-divider--view-line elementor-widget elementor-widget-divider\" data-id=\"2bb119fd\" data-element_type=\"widget\" data-widget_type=\"divider.default\">\n\t\t\t\t<div class=\"elementor-widget-container\">\n\t\t\t\t\t\t\t<div class=\"elementor-divider\">\n\t\t\t<span class=\"elementor-divider-separator\">\n\t\t\t\t\t\t<\/span>\n\t\t<\/div>\n\t\t\t\t\t\t<\/div>\n\t\t\t\t<\/div>\n\t\t\t\t<div class=\"elementor-element elementor-element-68296a4d elementor-widget elementor-widget-text-editor\" data-id=\"68296a4d\" data-element_type=\"widget\" data-widget_type=\"text-editor.default\">\n\t\t\t\t<div class=\"elementor-widget-container\">\n\t\t\t\t\t\t\t\t\t<p>U TOMANI SPED-u, vo\u0111eni smo jedinstvenom misijom: da pru\u017eimo besprekorna, isplativa i blagovremena transportna re\u0161enja koja pokre\u0107u va\u0161e poslovanje napred. Kao novoosnovana kompanija, donosimo sve\u017ee perspektive i inovativne strategije u logisti\u010dku industriju, kombinuju\u0107i najsavremeniju tehnologiju sa iskusnim profesionalcima kako bismo pru\u017eili izuzetnu uslugu u svakom koraku.<\/p><p>Od upravljanja teretom do isporuke do krajnjeg korisnika, specijalizovani smo za prilago\u0111avanje na\u0161ih re\u0161enja jedinstvenim potrebama na\u0161ih klijenata, osiguravaju\u0107i da va\u0161a roba stigne na odredi\u0161te bezbedno i na vreme, svaki put.<\/p>\t\t\t\t\t\t\t\t<\/div>\n\t\t\t\t<\/div>\n\t\t\t\t\t<\/div>\n\t\t<\/div>\n\t\t\t\t\t<\/div>\n\t\t<\/section>\n\t\t\t\t<section class=\"elementor-section elementor-top-section elementor-element elementor-element-5d829d97 elementor-section-boxed elementor-section-height-default elementor-section-height-default\" data-id=\"5d829d97\" data-element_type=\"section\">\n\t\t\t\t\t\t<div class=\"elementor-container elementor-column-gap-default\">\n\t\t\t\t\t<div class=\"elementor-column elementor-col-100 elementor-top-column elementor-element elementor-element-6c2ea182\" data-id=\"6c2ea182\" data-element_type=\"column\">\n\t\t\t<div class=\"elementor-widget-wrap elementor-element-populated\">\n\t\t\t\t\t\t<div class=\"elementor-element elementor-element-1a7e8c3e elementor-widget elementor-widget-heading\" data-id=\"1a7e8c3e\" data-element_type=\"widget\" data-widget_type=\"heading.default\">\n\t\t\t\t<div class=\"elementor-widget-container\">\n\t\t\t\t\t<h2 class=\"elementor-heading-title elementor-size-default\">Za\u0161to da izaberete nas?<\/h2>\t\t\t\t<\/div>\n\t\t\t\t<\/div>\n\t\t\t\t<div class=\"elementor-element elementor-element-9e9560c elementor-widget elementor-widget-text-editor\" data-id=\"9e9560c\" data-element_type=\"widget\" data-widget_type=\"text-editor.default\">\n\t\t\t\t<div class=\"elementor-widget-container\">\n\t\t\t\t\t\t\t\t\t<ul><li><strong>Prilago\u0111ena re\u0161enja: Razumemo da ne postoje dve iste po\u0161iljke. Na\u0161 tim blisko sara\u0111uje sa vama kako bi razvio personalizovane logisti\u010dke strategije koje su uskla\u0111ene sa va\u0161im specifi\u010dnim potrebama.<\/strong><\/li><li><strong>Pouzdana isporuka na vreme: Ponosimo se na\u0161om ta\u010dno\u0161\u0107u. Poverite nam da \u0107emo va\u0161u robu dostaviti na odredi\u0161te, kada i gde vam je potrebno.<\/strong><\/li><li><strong>Inovacije na svakom koraku: Kori\u0161\u0107enjem najnovijih tehnologija i uvida zasnovanih na podacima, kontinuirano optimizujemo na\u0161e poslovanje kako bismo pru\u017eili vrhunsku uslugu i ve\u0107u efikasnost.<\/strong><br \/><p style=\"font-variant-ligatures: normal; font-variant-caps: normal; font-family: Montserrat; font-size: 15px; font-style: normal; font-weight: 400; letter-spacing: 0.2px;\"><strong>Bez obzira da li ste malo preduze\u0107e ili velika korporacija, TOMANI SPED je tu da bude va\u0161 pouzdani partner u logistici, poma\u017eu\u0107i vam da unapredite svoj lanac snabdevanja i ostvarite svoje ciljeve.<\/strong><\/p><p style=\"font-variant-ligatures: normal; font-variant-caps: normal; font-family: Montserrat; font-size: 15px; font-style: normal; font-weight: 400; letter-spacing: 0.2px;\"><strong>Napredujmo zajedno!<\/strong><\/p><\/li><\/ul>\t\t\t\t\t\t\t\t<\/div>\n\t\t\t\t<\/div>\n\t\t\t\t<div class=\"elementor-element elementor-element-1e3301e3 elementor-widget elementor-widget-heading\" data-id=\"1e3301e3\" data-element_type=\"widget\" data-widget_type=\"heading.default\">\n\t\t\t\t<div class=\"elementor-widget-container\">\n\t\t\t\t\t<h2 class=\"elementor-heading-title elementor-size-default\">Kontaktirajte nas<\/h2>\t\t\t\t<\/div>\n\t\t\t\t<\/div>\n\t\t\t\t<div class=\"elementor-element elementor-element-b79f500 elementor-widget elementor-widget-text-editor\" data-id=\"b79f500\" data-element_type=\"widget\" data-widget_type=\"text-editor.default\">\n\t\t\t\t<div class=\"elementor-widget-container\">\n\t\t\t\t\t\t\t\t\t<p>Po\u0161aljite nam email:<\/p><p><a href=\"\/sr\/contact@tomani-sped.rs\/\">contact@tomani-sped.rs<\/a><\/p>\t\t\t\t\t\t\t\t<\/div>\n\t\t\t\t<\/div>\n\t\t\t\t\t<\/div>\n\t\t<\/div>\n\t\t\t\t\t<\/div>\n\t\t<\/section>\n\t\t\t\t<\/div>","protected":false},"excerpt":{"rendered":"<p>About US WE ARE TOMANI SPED belgrade Welcome to TOMANI SPED \u2013 where efficiency meets reliability in the world of transport and logistics At TOMANI SPED, we are driven by a singular mission: to provide seamless, cost-effective, and timely transportation solutions that keep your business moving forward. As a newly founded company, we bring fresh [&hellip;]<\/p>","protected":false},"author":1,"featured_media":0,"parent":0,"menu_order":0,"comment_status":"closed","ping_status":"closed","template":"","meta":{"ocean_post_layout":"","ocean_both_sidebars_style":"","ocean_both_sidebars_content_width":0,"ocean_both_sidebars_sidebars_width":0,"ocean_sidebar":"","ocean_second_sidebar":"","ocean_disable_margins":"enable","ocean_add_body_class":"","ocean_shortcode_before_top_bar":"","ocean_shortcode_after_top_bar":"","ocean_shortcode_before_header":"","ocean_shortcode_after_header":"","ocean_has_shortcode":"","ocean_shortcode_after_title":"","ocean_shortcode_before_footer_widgets":"","ocean_shortcode_after_footer_widgets":"","ocean_shortcode_before_footer_bottom":"","ocean_shortcode_after_footer_bottom":"","ocean_display_top_bar":"default","ocean_display_header":"default","ocean_header_style":"","ocean_center_header_left_menu":"","ocean_custom_header_template":"","ocean_custom_logo":0,"ocean_custom_retina_logo":0,"ocean_custom_logo_max_width":0,"ocean_custom_logo_tablet_max_width":0,"ocean_custom_logo_mobile_max_width":0,"ocean_custom_logo_max_height":0,"ocean_custom_logo_tablet_max_height":0,"ocean_custom_logo_mobile_max_height":0,"ocean_header_custom_menu":"","ocean_menu_typo_font_family":"","ocean_menu_typo_font_subset":"","ocean_menu_typo_font_size":0,"ocean_menu_typo_font_size_tablet":0,"ocean_menu_typo_font_size_mobile":0,"ocean_menu_typo_font_size_unit":"px","ocean_menu_typo_font_weight":"","ocean_menu_typo_font_weight_tablet":"","ocean_menu_typo_font_weight_mobile":"","ocean_menu_typo_transform":"","ocean_menu_typo_transform_tablet":"","ocean_menu_typo_transform_mobile":"","ocean_menu_typo_line_height":0,"ocean_menu_typo_line_height_tablet":0,"ocean_menu_typo_line_height_mobile":0,"ocean_menu_typo_line_height_unit":"","ocean_menu_typo_spacing":0,"ocean_menu_typo_spacing_tablet":0,"ocean_menu_typo_spacing_mobile":0,"ocean_menu_typo_spacing_unit":"","ocean_menu_link_color":"","ocean_menu_link_color_hover":"","ocean_menu_link_color_active":"","ocean_menu_link_background":"","ocean_menu_link_hover_background":"","ocean_menu_link_active_background":"","ocean_menu_social_links_bg":"","ocean_menu_social_hover_links_bg":"","ocean_menu_social_links_color":"","ocean_menu_social_hover_links_color":"","ocean_disable_title":"default","ocean_disable_heading":"default","ocean_post_title":"","ocean_post_subheading":"","ocean_post_title_style":"","ocean_post_title_background_color":"","ocean_post_title_background":0,"ocean_post_title_bg_image_position":"","ocean_post_title_bg_image_attachment":"","ocean_post_title_bg_image_repeat":"","ocean_post_title_bg_image_size":"","ocean_post_title_height":0,"ocean_post_title_bg_overlay":0.5,"ocean_post_title_bg_overlay_color":"","ocean_disable_breadcrumbs":"default","ocean_breadcrumbs_color":"","ocean_breadcrumbs_separator_color":"","ocean_breadcrumbs_links_color":"","ocean_breadcrumbs_links_hover_color":"","ocean_display_footer_widgets":"default","ocean_display_footer_bottom":"default","ocean_custom_footer_template":"","footnotes":""},"class_list":["post-35","page","type-page","status-publish","hentry","entry"],"yoast_head":"<!-- This site is optimized with the Yoast SEO plugin v25.0 - https:\/\/yoast.com\/wordpress\/plugins\/seo\/ -->\n<title>About - TOMANI SPED Belgrade<\/title>\n<meta name=\"robots\" content=\"index, follow, max-snippet:-1, max-image-preview:large, max-video-preview:-1\" \/>\n<link rel=\"canonical\" href=\"https:\/\/tomani-sped.rs\/sr\/about\/\" \/>\n<meta property=\"og:locale\" content=\"sr_RS\" \/>\n<meta property=\"og:type\" content=\"article\" \/>\n<meta property=\"og:title\" content=\"About - TOMANI SPED Belgrade\" \/>\n<meta property=\"og:description\" content=\"About US WE ARE TOMANI SPED belgrade Welcome to TOMANI SPED \u2013 where efficiency meets reliability in the world of transport and logistics At TOMANI SPED, we are driven by a singular mission: to provide seamless, cost-effective, and timely transportation solutions that keep your business moving forward. As a newly founded company, we bring fresh [&hellip;]\" \/>\n<meta property=\"og:url\" content=\"https:\/\/tomani-sped.rs\/sr\/about\/\" \/>\n<meta property=\"og:site_name\" content=\"TOMANI SPED Belgrade\" \/>\n<meta property=\"article:modified_time\" content=\"2025-05-05T11:21:52+00:00\" \/>\n<meta property=\"og:image\" content=\"https:\/\/tomani-sped.rs\/wp-content\/uploads\/2024\/11\/IMG_3626.jpg\" \/>\n\t<meta property=\"og:image:width\" content=\"1208\" \/>\n\t<meta property=\"og:image:height\" content=\"1601\" \/>\n\t<meta property=\"og:image:type\" content=\"image\/jpeg\" \/>\n<meta name=\"twitter:card\" content=\"summary_large_image\" \/>\n<meta name=\"twitter:label1\" content=\"\u041f\u0440\u043e\u0446\u0435\u045a\u0435\u043d\u043e \u0432\u0440\u0435\u043c\u0435 \u0447\u0438\u0442\u0430\u045a\u0430\" \/>\n\t<meta name=\"twitter:data1\" content=\"2 \u043c\u0438\u043d\u0443\u0442\u0430\" \/>\n<script type=\"application\/ld+json\" class=\"yoast-schema-graph\">{\"@context\":\"https:\/\/schema.org\",\"@graph\":[{\"@type\":\"WebPage\",\"@id\":\"https:\/\/tomani-sped.rs\/about\/\",\"url\":\"https:\/\/tomani-sped.rs\/about\/\",\"name\":\"About - TOMANI SPED Belgrade\",\"isPartOf\":{\"@id\":\"https:\/\/tomani-sped.rs\/#website\"},\"primaryImageOfPage\":{\"@id\":\"https:\/\/tomani-sped.rs\/about\/#primaryimage\"},\"image\":{\"@id\":\"https:\/\/tomani-sped.rs\/about\/#primaryimage\"},\"thumbnailUrl\":\"https:\/\/tomani-sped.rs\/wp-content\/uploads\/2024\/11\/IMG_3626-768x1018.jpg\",\"datePublished\":\"2016-11-29T01:21:42+00:00\",\"dateModified\":\"2025-05-05T11:21:52+00:00\",\"breadcrumb\":{\"@id\":\"https:\/\/tomani-sped.rs\/about\/#breadcrumb\"},\"inLanguage\":\"sr-RS\",\"potentialAction\":[{\"@type\":\"ReadAction\",\"target\":[\"https:\/\/tomani-sped.rs\/about\/\"]}]},{\"@type\":\"ImageObject\",\"inLanguage\":\"sr-RS\",\"@id\":\"https:\/\/tomani-sped.rs\/about\/#primaryimage\",\"url\":\"https:\/\/tomani-sped.rs\/wp-content\/uploads\/2024\/11\/IMG_3626-768x1018.jpg\",\"contentUrl\":\"https:\/\/tomani-sped.rs\/wp-content\/uploads\/2024\/11\/IMG_3626-768x1018.jpg\"},{\"@type\":\"BreadcrumbList\",\"@id\":\"https:\/\/tomani-sped.rs\/about\/#breadcrumb\",\"itemListElement\":[{\"@type\":\"ListItem\",\"position\":1,\"name\":\"Home\",\"item\":\"https:\/\/tomani-sped.rs\/\"},{\"@type\":\"ListItem\",\"position\":2,\"name\":\"About\"}]},{\"@type\":\"WebSite\",\"@id\":\"https:\/\/tomani-sped.rs\/#website\",\"url\":\"https:\/\/tomani-sped.rs\/\",\"name\":\"TOMANI SPED Belgrade\",\"description\":\"Transport &amp; Logistics\",\"publisher\":{\"@id\":\"https:\/\/tomani-sped.rs\/#organization\"},\"potentialAction\":[{\"@type\":\"SearchAction\",\"target\":{\"@type\":\"EntryPoint\",\"urlTemplate\":\"https:\/\/tomani-sped.rs\/?s={search_term_string}\"},\"query-input\":{\"@type\":\"PropertyValueSpecification\",\"valueRequired\":true,\"valueName\":\"search_term_string\"}}],\"inLanguage\":\"sr-RS\"},{\"@type\":\"Organization\",\"@id\":\"https:\/\/tomani-sped.rs\/#organization\",\"name\":\"TOMANI SPED Belgrade\",\"url\":\"https:\/\/tomani-sped.rs\/\",\"logo\":{\"@type\":\"ImageObject\",\"inLanguage\":\"sr-RS\",\"@id\":\"https:\/\/tomani-sped.rs\/#\/schema\/logo\/image\/\",\"url\":\"https:\/\/tomani-sped.rs\/wp-content\/uploads\/2024\/11\/T-transparentno.png\",\"contentUrl\":\"https:\/\/tomani-sped.rs\/wp-content\/uploads\/2024\/11\/T-transparentno.png\",\"width\":10430,\"height\":10776,\"caption\":\"TOMANI SPED Belgrade\"},\"image\":{\"@id\":\"https:\/\/tomani-sped.rs\/#\/schema\/logo\/image\/\"}}]}<\/script>\n<!-- \/ Yoast SEO plugin. -->","yoast_head_json":{"title":"About - TOMANI SPED Belgrade","robots":{"index":"index","follow":"follow","max-snippet":"max-snippet:-1","max-image-preview":"max-image-preview:large","max-video-preview":"max-video-preview:-1"},"canonical":"https:\/\/tomani-sped.rs\/sr\/about\/","og_locale":"sr_RS","og_type":"article","og_title":"About - TOMANI SPED Belgrade","og_description":"About US WE ARE TOMANI SPED belgrade Welcome to TOMANI SPED \u2013 where efficiency meets reliability in the world of transport and logistics At TOMANI SPED, we are driven by a singular mission: to provide seamless, cost-effective, and timely transportation solutions that keep your business moving forward. As a newly founded company, we bring fresh [&hellip;]","og_url":"https:\/\/tomani-sped.rs\/sr\/about\/","og_site_name":"TOMANI SPED Belgrade","article_modified_time":"2025-05-05T11:21:52+00:00","og_image":[{"width":1208,"height":1601,"url":"https:\/\/tomani-sped.rs\/wp-content\/uploads\/2024\/11\/IMG_3626.jpg","type":"image\/jpeg"}],"twitter_card":"summary_large_image","twitter_misc":{"\u041f\u0440\u043e\u0446\u0435\u045a\u0435\u043d\u043e \u0432\u0440\u0435\u043c\u0435 \u0447\u0438\u0442\u0430\u045a\u0430":"2 \u043c\u0438\u043d\u0443\u0442\u0430"},"schema":{"@context":"https:\/\/schema.org","@graph":[{"@type":"WebPage","@id":"https:\/\/tomani-sped.rs\/about\/","url":"https:\/\/tomani-sped.rs\/about\/","name":"About - TOMANI SPED Belgrade","isPartOf":{"@id":"https:\/\/tomani-sped.rs\/#website"},"primaryImageOfPage":{"@id":"https:\/\/tomani-sped.rs\/about\/#primaryimage"},"image":{"@id":"https:\/\/tomani-sped.rs\/about\/#primaryimage"},"thumbnailUrl":"https:\/\/tomani-sped.rs\/wp-content\/uploads\/2024\/11\/IMG_3626-768x1018.jpg","datePublished":"2016-11-29T01:21:42+00:00","dateModified":"2025-05-05T11:21:52+00:00","breadcrumb":{"@id":"https:\/\/tomani-sped.rs\/about\/#breadcrumb"},"inLanguage":"sr-RS","potentialAction":[{"@type":"ReadAction","target":["https:\/\/tomani-sped.rs\/about\/"]}]},{"@type":"ImageObject","inLanguage":"sr-RS","@id":"https:\/\/tomani-sped.rs\/about\/#primaryimage","url":"https:\/\/tomani-sped.rs\/wp-content\/uploads\/2024\/11\/IMG_3626-768x1018.jpg","contentUrl":"https:\/\/tomani-sped.rs\/wp-content\/uploads\/2024\/11\/IMG_3626-768x1018.jpg"},{"@type":"BreadcrumbList","@id":"https:\/\/tomani-sped.rs\/about\/#breadcrumb","itemListElement":[{"@type":"ListItem","position":1,"name":"Home","item":"https:\/\/tomani-sped.rs\/"},{"@type":"ListItem","position":2,"name":"About"}]},{"@type":"WebSite","@id":"https:\/\/tomani-sped.rs\/#website","url":"https:\/\/tomani-sped.rs\/","name":"TOMANI SPED Belgrade","description":"Transport &amp; Logistics","publisher":{"@id":"https:\/\/tomani-sped.rs\/#organization"},"potentialAction":[{"@type":"SearchAction","target":{"@type":"EntryPoint","urlTemplate":"https:\/\/tomani-sped.rs\/?s={search_term_string}"},"query-input":{"@type":"PropertyValueSpecification","valueRequired":true,"valueName":"search_term_string"}}],"inLanguage":"sr-RS"},{"@type":"Organization","@id":"https:\/\/tomani-sped.rs\/#organization","name":"TOMANI SPED Belgrade","url":"https:\/\/tomani-sped.rs\/","logo":{"@type":"ImageObject","inLanguage":"sr-RS","@id":"https:\/\/tomani-sped.rs\/#\/schema\/logo\/image\/","url":"https:\/\/tomani-sped.rs\/wp-content\/uploads\/2024\/11\/T-transparentno.png","contentUrl":"https:\/\/tomani-sped.rs\/wp-content\/uploads\/2024\/11\/T-transparentno.png","width":10430,"height":10776,"caption":"TOMANI SPED Belgrade"},"image":{"@id":"https:\/\/tomani-sped.rs\/#\/schema\/logo\/image\/"}}]}},"_links":{"self":[{"href":"https:\/\/tomani-sped.rs\/sr\/wp-json\/wp\/v2\/pages\/35","targetHints":{"allow":["GET"]}}],"collection":[{"href":"https:\/\/tomani-sped.rs\/sr\/wp-json\/wp\/v2\/pages"}],"about":[{"href":"https:\/\/tomani-sped.rs\/sr\/wp-json\/wp\/v2\/types\/page"}],"author":[{"embeddable":true,"href":"https:\/\/tomani-sped.rs\/sr\/wp-json\/wp\/v2\/users\/1"}],"replies":[{"embeddable":true,"href":"https:\/\/tomani-sped.rs\/sr\/wp-json\/wp\/v2\/comments?post=35"}],"version-history":[{"count":66,"href":"https:\/\/tomani-sped.rs\/sr\/wp-json\/wp\/v2\/pages\/35\/revisions"}],"predecessor-version":[{"id":625,"href":"https:\/\/tomani-sped.rs\/sr\/wp-json\/wp\/v2\/pages\/35\/revisions\/625"}],"wp:attachment":[{"href":"https:\/\/tomani-sped.rs\/sr\/wp-json\/wp\/v2\/media?parent=35"}],"curies":[{"name":"wp","href":"https:\/\/api.w.org\/{rel}","templated":true}]}}